{"id":84,"date":"2021-09-14T13:41:38","date_gmt":"2021-09-14T11:41:38","guid":{"rendered":"https:\/\/www.gustavemagazine.com\/?page_id=84"},"modified":"2026-03-10T00:29:40","modified_gmt":"2026-03-09T23:29:40","slug":"gustave-cest-quoi","status":"publish","type":"page","link":"https:\/\/www.gustavemagazine.com\/index.php\/gustave-cest-quoi\/","title":{"rendered":"Gustave, c&rsquo;est quoi ?"},"content":{"rendered":"\n<p>Gustave c&rsquo;est un mensuel num\u00e9rique gratuit pr\u00e9sentant la po\u00e9sie de son auteur, St\u00e9phane Bataillon, accompagn\u00e9s des dessins de l&rsquo;artiste Saint-Oma. Un journal joyeux et l\u00e9ger, \u00e0 lire, \u00e0 dire et \u00e0 r\u00eaver sous forme d\u2019un \u00e9l\u00e9gant fichier PDF.<\/p>\n\n\n\n<h2 class=\"wp-block-heading\">L\u2019histoire<\/h2>\n\n\n\n<p>Gustave est n\u00e9 en septembre 1990 sous la forme d\u2019un fanzine lyc\u00e9en d\u2019actualit\u00e9 et de dessins plus ou moins hebdomadaire, \u00e0 l\u2019existence riche (41 num\u00e9ros) mais \u00e9ph\u00e9m\u00e8re (jusqu\u2019en novembre 1993)<\/p>\n\n\n\n<p>Apr\u00e8s plusieurs ann\u00e9es de sommeil, il rena\u00eet en mars 2015, au n\u00b042, sous la forme d\u2019un mensuel num\u00e9rique l\u00e9ger pr\u00e9sentant la po\u00e9sie de son auteur, <a href=\"https:\/\/www.stephanebataillon.com\/\">St\u00e9phane Bataillon<\/a>, invitant \u00e0 l\u2019occasion d\u2019autres ami(e)s po\u00e8tes et mettant en avant le travail graphique de l\u2019artiste <a href=\"https:\/\/www.saintoma.com\/\">Saint-Oma<\/a>.<\/p>\n\n\n\n<p>Apr\u00e8s 50 num\u00e9ros sous cette forme, pour r\u00e9pondre \u00e0 la p\u00e9riode in\u00e9dite ouverte par la crise du coronavirus, il se transforme en hebdomadaire de po\u00e9sie ouvert \u00e0 toutes les formes contemporaines \u00e0 partir de son n\u00b092 du lundi 23 mars 2020.<\/p>\n\n\n\n<p>Une fois le confinement pass\u00e9, tout l\u2019\u00e9quipage d\u00e9cide de reprendre la mer et de cr\u00e9er une formule r\u00e9guli\u00e8re et collective du journal jusqu&rsquo;au n\u00b0127.<br><br>En 2022, GUSTAVE voit la naissance de son petit fr\u00e8re, GUSTAVE JUNIOR, le premier journal gratuit de po\u00e9sie pour enfants, avec une \u00e9quipe d\u00e9di\u00e9e et tr\u00e8s engag\u00e9e \u00e0 sa t\u00eate. Le trimestriel f\u00eate, en 2025, son 14 \u00e8me num\u00e9ro et se diffuse dans plus de 3 000 \u00e9coles et m\u00e9diath\u00e8ques en France. <br><br>Avec le n\u00b0128 de novembre 2025, f\u00eatant ses 35 ans d&rsquo;existence, GUSTAVE retrouve sa formule d&rsquo;origine et, reprenant le geste et l&rsquo;exemple de <em>l&rsquo;azur<\/em>, hebdomadaire \u00e9ph\u00e9m\u00e8re de Michel Butel paru en 1994-1995, redevient ce journal \u00e0 l&rsquo;unique r\u00e9dacteur <em>\u00ab\u00a0un journal r\u00e9duit \u00e0 sa plus simple expression : le peu de choses que je sois capable de penser et d&rsquo;\u00e9crire.\u00a0\u00bb<\/em> <br><\/p>\n\n\n\n<h2 class=\"wp-block-heading\">Elles et ils ont \u00e9crit dans GUSTAVE :<\/h2>\n\n\n\n<p>Ma\u00efss Alrim Karfoul, S\u00e9bastien Ayreault, Julien d\u2019Abrigeon, Thomas Baumgartner, St\u00e9phane Bataillon, Margo Berdeshevsky, Alexis Bernaut, Zo\u00e9 Besmond de Senneville, Ma\u00efa Brami, Camille Bloomfield, Caroline Boid\u00e9, Christophe Bregaint, Pierre Broening-Scherel, Tom Buron, Didier Cahen, Laurent Cennamo, Sandrine Cnudde, Ren\u00e9 Corona, Guillaume Decourt, Bruno Doucey, Nicolas Dutent, Jean-Luc Favre, Bernard Friot, Julien Gaillard, Vincent Gu\u00e9don, Daniele Gorret, Katia-Sofia Hakim, Vincent Hoarau, Baptiste Jacomino, Claire Kalfon, Charlotte Leport, Aur\u00e9lia Lassaque, Yves Leclair, Ariane Lefauconnier, Antoine Marcel, Philippe Mathy, Guillaume M\u00e9tayer, \u00c9milie Moutsis, Jean-jacques Nuel, Myriam Oh, Saint-Oma, \u00c9tienne Orsini, Lydia Padellec, Orianne Papin, Damien Paisant, Daniela Pericone, Baptiste Pizzinat, \u00c9ric Poindron, Delphine Presles, Alessandro Quattrone, Philippe Rebetez, Joseph Ridgwell, Lancelot Roumier, Enza Silvestrini, Kevin Stebner, Murielle Szac, Arnaud Talhouarn, Arthur Thimonier, Maud Thiria, Florence Val\u00e9ro, Thomas Vinau, Yekta, Zingonia Zingone\u2026<\/p>\n\n\n\n<p><\/p>\n","protected":false},"excerpt":{"rendered":"<p>Gustave c&rsquo;est un mensuel num\u00e9rique gratuit pr\u00e9sentant la po\u00e9sie de son auteur, St\u00e9phane Bataillon, accompagn\u00e9s des dessins de l&rsquo;artiste Saint-Oma. Un journal joyeux et l\u00e9ger, \u00e0 lire, \u00e0 dire et \u00e0 r\u00eaver sous forme d\u2019un \u00e9l\u00e9gant fichier PDF. L\u2019histoire Gustave est n\u00e9 en septembre 1990 sous la forme d\u2019un fanzine lyc\u00e9en d\u2019actualit\u00e9 et de dessins [&hellip;]<\/p>\n","protected":false},"author":1,"featured_media":0,"parent":0,"menu_order":0,"comment_status":"closed","ping_status":"closed","template":"","meta":{"footnotes":""},"class_list":["post-84","page","type-page","status-publish","hentry"],"jetpack_sharing_enabled":true,"_links":{"self":[{"href":"https:\/\/www.gustavemagazine.com\/index.php\/wp-json\/wp\/v2\/pages\/84","targetHints":{"allow":["GET"]}}],"collection":[{"href":"https:\/\/www.gustavemagazine.com\/index.php\/wp-json\/wp\/v2\/pages"}],"about":[{"href":"https:\/\/www.gustavemagazine.com\/index.php\/wp-json\/wp\/v2\/types\/page"}],"author":[{"embeddable":true,"href":"https:\/\/www.gustavemagazine.com\/index.php\/wp-json\/wp\/v2\/users\/1"}],"replies":[{"embeddable":true,"href":"https:\/\/www.gustavemagazine.com\/index.php\/wp-json\/wp\/v2\/comments?post=84"}],"version-history":[{"count":2,"href":"https:\/\/www.gustavemagazine.com\/index.php\/wp-json\/wp\/v2\/pages\/84\/revisions"}],"predecessor-version":[{"id":545,"href":"https:\/\/www.gustavemagazine.com\/index.php\/wp-json\/wp\/v2\/pages\/84\/revisions\/545"}],"wp:attachment":[{"href":"https:\/\/www.gustavemagazine.com\/index.php\/wp-json\/wp\/v2\/media?parent=84"}],"curies":[{"name":"wp","href":"https:\/\/api.w.org\/{rel}","templated":true}]}}