{"id":44,"date":"2021-09-14T12:40:35","date_gmt":"2021-09-14T10:40:35","guid":{"rendered":"https:\/\/www.gustavemagazine.com\/?page_id=44"},"modified":"2023-01-31T11:57:13","modified_gmt":"2023-01-31T10:57:13","slug":"radio-gustave","status":"publish","type":"page","link":"https:\/\/www.gustavemagazine.com\/index.php\/radio-gustave\/","title":{"rendered":"Radio Gustave"},"content":{"rendered":"\n<p>Amoureuses et amoureux du bon son, retrouvez sur cette page les po\u00e8mes in\u00e9dits lus par leurs auteurs. <\/p>\n\n\n\n<p><strong>N\u00e9cropole &#8211; Par Pauline Picot<\/strong> (Gustave n\u00b0121 &#8211; 31 janvier 2023)<\/p>\n\n\n\n<figure class=\"wp-block-audio\"><audio controls src=\"https:\/\/www.gustavemagazine.com\/wp-content\/uploads\/2023\/01\/NECROPOLE_Pauline-Picot.wav\"><\/audio><figcaption class=\"wp-element-caption\">N\u00e9cropole &#8211; Par Pauline Picot pour Gustave &#8211; 2023.<\/figcaption><\/figure>\n","protected":false},"excerpt":{"rendered":"<p>Amoureuses et amoureux du bon son, retrouvez sur cette page les po\u00e8mes in\u00e9dits lus par leurs auteurs. N\u00e9cropole &#8211; Par Pauline Picot (Gustave n\u00b0121 &#8211; 31 janvier 2023)<\/p>\n","protected":false},"author":1,"featured_media":0,"parent":0,"menu_order":0,"comment_status":"closed","ping_status":"closed","template":"","meta":{"footnotes":""},"class_list":["post-44","page","type-page","status-publish","hentry"],"jetpack_sharing_enabled":true,"_links":{"self":[{"href":"https:\/\/www.gustavemagazine.com\/index.php\/wp-json\/wp\/v2\/pages\/44","targetHints":{"allow":["GET"]}}],"collection":[{"href":"https:\/\/www.gustavemagazine.com\/index.php\/wp-json\/wp\/v2\/pages"}],"about":[{"href":"https:\/\/www.gustavemagazine.com\/index.php\/wp-json\/wp\/v2\/types\/page"}],"author":[{"embeddable":true,"href":"https:\/\/www.gustavemagazine.com\/index.php\/wp-json\/wp\/v2\/users\/1"}],"replies":[{"embeddable":true,"href":"https:\/\/www.gustavemagazine.com\/index.php\/wp-json\/wp\/v2\/comments?post=44"}],"version-history":[{"count":0,"href":"https:\/\/www.gustavemagazine.com\/index.php\/wp-json\/wp\/v2\/pages\/44\/revisions"}],"wp:attachment":[{"href":"https:\/\/www.gustavemagazine.com\/index.php\/wp-json\/wp\/v2\/media?parent=44"}],"curies":[{"name":"wp","href":"https:\/\/api.w.org\/{rel}","templated":true}]}}